{"id":20357,"date":"2025-03-19T13:44:30","date_gmt":"2025-03-19T11:44:30","guid":{"rendered":"https:\/\/eicoleta.es\/?page_id=20357"},"modified":"2026-01-14T14:22:19","modified_gmt":"2026-01-14T12:22:19","slug":"comedor","status":"publish","type":"page","link":"https:\/\/eicoleta.es\/en\/comedor\/","title":{"rendered":"Dining room"},"content":{"rendered":"<div data-elementor-type=\"wp-page\" data-elementor-id=\"20357\" class=\"elementor elementor-20357\">\n\t\t\t\t\t\t<section class=\"elementor-section elementor-top-section elementor-element elementor-element-5c2c605 elementor-section-boxed elementor-section-height-default elementor-section-height-default\" data-id=\"5c2c605\" data-element_type=\"section\">\n\t\t\t\t\t\t<div class=\"elementor-container elementor-column-gap-default\">\n\t\t\t\t\t<div class=\"elementor-column elementor-col-100 elementor-top-column elementor-element elementor-element-5c60aa2\" data-id=\"5c60aa2\" data-element_type=\"column\">\n\t\t\t<div class=\"elementor-widget-wrap elementor-element-populated\">\n\t\t\t\t\t\t<div class=\"elementor-element elementor-element-07dea9a elementor-widget elementor-widget-spacer\" data-id=\"07dea9a\" data-element_type=\"widget\" data-widget_type=\"spacer.default\">\n\t\t\t\t\t\t\t<div class=\"elementor-spacer\">\n\t\t\t<div class=\"elementor-spacer-inner\"><\/div>\n\t\t<\/div>\n\t\t\t\t\t\t<\/div>\n\t\t\t\t\t<\/div>\n\t\t<\/div>\n\t\t\t\t\t<\/div>\n\t\t<\/section>\n\t\t\t\t<section class=\"elementor-section elementor-top-section elementor-element elementor-element-37633da elementor-section-boxed elementor-section-height-default elementor-section-height-default\" data-id=\"37633da\" data-element_type=\"section\">\n\t\t\t\t\t\t<div class=\"elementor-container elementor-column-gap-default\">\n\t\t\t\t\t<div class=\"elementor-column elementor-col-50 elementor-top-column elementor-element elementor-element-c8f5c67 elementor-invisible\" data-id=\"c8f5c67\" data-element_type=\"column\" data-settings=\"{&quot;animation&quot;:&quot;fadeInLeft&quot;}\">\n\t\t\t<div class=\"elementor-widget-wrap elementor-element-populated\">\n\t\t\t\t\t\t<div class=\"elementor-element elementor-element-5132c6a elementor-widget elementor-widget-oxence-advanced-heading\" data-id=\"5132c6a\" data-element_type=\"widget\" data-widget_type=\"oxence-advanced-heading.default\">\n\t\t\t\t<div class=\"elementor-widget-container\">\n\t\t\t\t\t        <div class=\"oxence-advanced-heading\">\n                            <div class=\"sub-heading\">\n                                            <span class=\"arrow-line\">\n                            <svg version=\"1.1\" xmlns=\"http:\/\/www.w3.org\/2000\/svg\" viewbox=\"0 0 4.15 1.83\"><path d=\"M0.1,0.57C0.25,0.5,0.39,0.4,0.54,0.32C0.69,0.25,0.85,0.2,1.01,0.19c0.3-0.02,0.57,0.11,0.69,0.39 c0.12,0.27,0.14,0.57,0.39,0.76c0.22,0.17,0.5,0.21,0.77,0.22c0.16,0,0.33-0.01,0.49-0.03C3.43,1.51,3.52,1.5,3.61,1.48 c0.08-0.01,0.17-0.02,0.24-0.06c0.04-0.02,0.02-0.07-0.02-0.07C3.75,1.34,3.68,1.37,3.61,1.38C3.53,1.4,3.46,1.42,3.38,1.43 C3.23,1.46,3.07,1.47,2.91,1.47c-0.29,0-0.63-0.04-0.84-0.26c-0.23-0.23-0.2-0.59-0.39-0.84C1.52,0.18,1.26,0.1,1.01,0.11 C0.85,0.12,0.69,0.17,0.54,0.24c-0.16,0.08-0.34,0.17-0.47,0.3C0.06,0.55,0.08,0.58,0.1,0.57L0.1,0.57z\"\/><polygon points=\"4.06,1.39 3.81,1.24 3.55,1.09 3.78,1.41 3.61,1.76 3.84,1.57\"\/><\/svg>                        <\/span>\n                                        <span class=\"sub-heading-text\">Dining Room at Coleta Nursery in Marbella<\/span>                                    <\/div>\n                        <h2 class=\"main-heading\"><span class=\"main-text\">At Coleta Nursery, we offer a dedicated dining room and a professional kitchen for preparing healthy, homemade children\u2019s meals every day.  \n<\/span><\/h2>        <\/div>\n        \t\t\t\t<\/div>\n\t\t\t\t<\/div>\n\t\t\t\t<div class=\"elementor-element elementor-element-b39b5fb elementor-widget elementor-widget-text-editor\" data-id=\"b39b5fb\" data-element_type=\"widget\" data-widget_type=\"text-editor.default\">\n\t\t\t\t\t\t\t\t\t<p class=\"p1\">Our dining service <strong>is an essential part<\/strong> of our educational programme <strong>for the first cycle (0\u20133 years),<\/strong>promoting both <strong>healthy eating habits<\/strong> and <strong>autonomy<\/strong> at mealtimes.<\/p><p class=\"p1\">\u00a0<\/p>\t\t\t\t\t\t\t\t<\/div>\n\t\t\t\t<div class=\"elementor-element elementor-element-f1359e9 elementor-widget elementor-widget-image\" data-id=\"f1359e9\" data-element_type=\"widget\" data-widget_type=\"image.default\">\n\t\t\t\t\t\t\t\t\t\t\t\t\t\t\t<img alt=\"\" fetchpriority=\"high\" decoding=\"async\" width=\"1024\" height=\"755\" src=\"https:\/\/eicoleta.es\/wp-content\/uploads\/2025\/07\/comedor2-1024x755.webp\" class=\"attachment-large size-large wp-image-20562\" srcset=\"https:\/\/eicoleta.es\/wp-content\/uploads\/2025\/07\/comedor2-1024x755.webp 1024w, https:\/\/eicoleta.es\/wp-content\/uploads\/2025\/07\/comedor2-300x221.webp 300w, https:\/\/eicoleta.es\/wp-content\/uploads\/2025\/07\/comedor2-768x567.webp 768w, https:\/\/eicoleta.es\/wp-content\/uploads\/2025\/07\/comedor2.webp 1220w\" sizes=\"(max-width: 1024px) 100vw, 1024px\" \/>\t\t\t\t\t\t\t\t\t\t\t\t\t\t\t<\/div>\n\t\t\t\t\t<\/div>\n\t\t<\/div>\n\t\t\t\t<div class=\"elementor-column elementor-col-50 elementor-top-column elementor-element elementor-element-4362c5a\" data-id=\"4362c5a\" data-element_type=\"column\">\n\t\t\t<div class=\"elementor-widget-wrap elementor-element-populated\">\n\t\t\t\t\t\t<div class=\"elementor-element elementor-element-abd2352 elementor-invisible elementor-widget elementor-widget-image\" data-id=\"abd2352\" data-element_type=\"widget\" data-settings=\"{&quot;_animation&quot;:&quot;fadeInRight&quot;}\" data-widget_type=\"image.default\">\n\t\t\t\t\t\t\t\t\t\t\t\t\t\t\t<img alt=\"\" decoding=\"async\" width=\"1024\" height=\"684\" src=\"https:\/\/eicoleta.es\/wp-content\/uploads\/2025\/07\/comedor1-1024x684.webp\" class=\"attachment-large size-large wp-image-20561\" srcset=\"https:\/\/eicoleta.es\/wp-content\/uploads\/2025\/07\/comedor1-1024x684.webp 1024w, https:\/\/eicoleta.es\/wp-content\/uploads\/2025\/07\/comedor1-300x200.webp 300w, https:\/\/eicoleta.es\/wp-content\/uploads\/2025\/07\/comedor1-768x513.webp 768w, https:\/\/eicoleta.es\/wp-content\/uploads\/2025\/07\/comedor1.webp 1348w\" sizes=\"(max-width: 1024px) 100vw, 1024px\" \/>\t\t\t\t\t\t\t\t\t\t\t\t\t\t\t<\/div>\n\t\t\t\t<div class=\"elementor-element elementor-element-b920771 elementor-widget elementor-widget-text-editor\" data-id=\"b920771\" data-element_type=\"widget\" data-widget_type=\"text-editor.default\">\n\t\t\t\t\t\t\t\t\t<p>\u00a0<\/p><p class=\"p1\">We employ an<strong> in-house cook<\/strong> who crafts daily menus from <strong>fresh, seasonal ingredients,<\/strong>ensuring nutritious, flavorful meals.<\/p><p class=\"p1\">Customized Menus &amp; Expert Supervision. Menus are tailored to each age group <strong>and any dietary intolerances,<\/strong> with oversight <strong>by our own staff<\/strong>and guidance from an external <strong>child nutrition specialist<\/strong>.<\/p><p class=\"p1\">Beyond providing balanced, high-quality food, <strong>we teach<\/strong> children table hygiene, <strong>healthy routines and<\/strong>self-feeding skills to foster their independence.<\/p><p><a href=\"https:\/\/eicoleta.es\/en\/contacto\/\">Want to See Our Weekly Menus? \nRequest more information and discover how we care for your little ones at every meal.<\/a><\/p>\t\t\t\t\t\t\t\t<\/div>\n\t\t\t\t\t<\/div>\n\t\t<\/div>\n\t\t\t\t\t<\/div>\n\t\t<\/section>\n\t\t\t\t<\/div>","protected":false},"excerpt":{"rendered":"<p>Comedor de Escuela Infantil Coleta en Marbella En Coleta disponemos de un servicio de comedor propio y unas instalaciones de cocina profesional para la elaboraci\u00f3n de men\u00fas infantiles caseros y saludables. Consideramos este servicio esencial dentro de nuestro proyecto educativo en el primer ciclo (0-3 a\u00f1os), pues fomenta h\u00e1bitos saludables y la autonom\u00eda de los [&hellip;]<\/p>","protected":false},"author":10,"featured_media":0,"parent":0,"menu_order":0,"comment_status":"closed","ping_status":"closed","template":"","meta":{"_seopress_robots_primary_cat":"","_seopress_titles_title":"Comedor | Escuela Infantil Coleta Marbella","_seopress_titles_desc":"El comedor escolar con men\u00fas caseros, saludables y adaptados a cada edad. Servicio supervisado por nutricionista para promover h\u00e1bitos saludables.","_seopress_robots_index":"","footnotes":""},"class_list":["post-20357","page","type-page","status-publish","hentry"],"_links":{"self":[{"href":"https:\/\/eicoleta.es\/en\/wp-json\/wp\/v2\/pages\/20357","targetHints":{"allow":["GET"]}}],"collection":[{"href":"https:\/\/eicoleta.es\/en\/wp-json\/wp\/v2\/pages"}],"about":[{"href":"https:\/\/eicoleta.es\/en\/wp-json\/wp\/v2\/types\/page"}],"author":[{"embeddable":true,"href":"https:\/\/eicoleta.es\/en\/wp-json\/wp\/v2\/users\/10"}],"replies":[{"embeddable":true,"href":"https:\/\/eicoleta.es\/en\/wp-json\/wp\/v2\/comments?post=20357"}],"version-history":[{"count":67,"href":"https:\/\/eicoleta.es\/en\/wp-json\/wp\/v2\/pages\/20357\/revisions"}],"predecessor-version":[{"id":20693,"href":"https:\/\/eicoleta.es\/en\/wp-json\/wp\/v2\/pages\/20357\/revisions\/20693"}],"wp:attachment":[{"href":"https:\/\/eicoleta.es\/en\/wp-json\/wp\/v2\/media?parent=20357"}],"curies":[{"name":"wp","href":"https:\/\/api.w.org\/{rel}","templated":true}]}}