{"id":20144,"date":"2025-02-05T14:21:39","date_gmt":"2025-02-05T12:21:39","guid":{"rendered":"https:\/\/eicoleta.es\/?page_id=20144"},"modified":"2026-01-14T14:24:39","modified_gmt":"2026-01-14T12:24:39","slug":"aulas","status":"publish","type":"page","link":"https:\/\/eicoleta.es\/en\/aulas\/","title":{"rendered":"Schoolrooms"},"content":{"rendered":"<div data-elementor-type=\"wp-page\" data-elementor-id=\"20144\" class=\"elementor elementor-20144\">\n\t\t\t\t\t\t<section class=\"elementor-section elementor-top-section elementor-element elementor-element-fa0fe74 elementor-section-boxed elementor-section-height-default elementor-section-height-default\" data-id=\"fa0fe74\" data-element_type=\"section\" data-settings=\"{&quot;background_background&quot;:&quot;classic&quot;}\">\n\t\t\t\t\t\t<div class=\"elementor-container elementor-column-gap-default\">\n\t\t\t\t\t<div class=\"elementor-column elementor-col-100 elementor-top-column elementor-element elementor-element-cf3e03e\" data-id=\"cf3e03e\" data-element_type=\"column\">\n\t\t\t<div class=\"elementor-widget-wrap elementor-element-populated\">\n\t\t\t\t\t\t<div class=\"elementor-element elementor-element-3c87491 elementor-invisible elementor-widget elementor-widget-oxence-advanced-heading\" data-id=\"3c87491\" data-element_type=\"widget\" data-settings=\"{&quot;_animation&quot;:&quot;fadeInUp&quot;}\" data-widget_type=\"oxence-advanced-heading.default\">\n\t\t\t\t<div class=\"elementor-widget-container\">\n\t\t\t\t\t        <div class=\"oxence-advanced-heading\">\n                        <h3 class=\"main-heading\"><span class=\"main-text\">Classrooms Adapted <br>to Each Stage (0\u20133 Years) in Marbella<\/span><\/h3>        <\/div>\n        \t\t\t\t<\/div>\n\t\t\t\t<\/div>\n\t\t\t\t\t<\/div>\n\t\t<\/div>\n\t\t\t\t\t<\/div>\n\t\t<\/section>\n\t\t\t\t<section class=\"elementor-section elementor-top-section elementor-element elementor-element-1dd8de5 elementor-section-boxed elementor-section-height-default elementor-section-height-default\" data-id=\"1dd8de5\" data-element_type=\"section\" data-settings=\"{&quot;background_background&quot;:&quot;classic&quot;}\">\n\t\t\t\t\t\t<div class=\"elementor-container elementor-column-gap-custom\">\n\t\t\t\t\t<div class=\"elementor-column elementor-col-100 elementor-top-column elementor-element elementor-element-0faeb80\" data-id=\"0faeb80\" data-element_type=\"column\">\n\t\t\t<div class=\"elementor-widget-wrap elementor-element-populated\">\n\t\t\t\t\t\t<div class=\"elementor-element elementor-element-5a795c9 elementor-invisible elementor-widget elementor-widget-oxence-advanced-heading\" data-id=\"5a795c9\" data-element_type=\"widget\" data-settings=\"{&quot;_animation&quot;:&quot;fadeInUp&quot;}\" data-widget_type=\"oxence-advanced-heading.default\">\n\t\t\t\t<div class=\"elementor-widget-container\">\n\t\t\t\t\t        <div class=\"oxence-advanced-heading\">\n                        <h3 class=\"main-heading\"><span class=\"main-text\">Yellow Classroom<\/span><\/h3>        <\/div>\n        \t\t\t\t<\/div>\n\t\t\t\t<\/div>\n\t\t\t\t<section class=\"elementor-section elementor-inner-section elementor-element elementor-element-ba1c74a elementor-section-full_width elementor-section-height-default elementor-section-height-default\" data-id=\"ba1c74a\" data-element_type=\"section\">\n\t\t\t\t\t\t<div class=\"elementor-container elementor-column-gap-default\">\n\t\t\t\t\t<div class=\"elementor-column elementor-col-33 elementor-inner-column elementor-element elementor-element-1de528f\" data-id=\"1de528f\" data-element_type=\"column\">\n\t\t\t<div class=\"elementor-widget-wrap elementor-element-populated\">\n\t\t\t\t\t\t<div class=\"elementor-element elementor-element-1901f4f elementor-widget elementor-widget-text-editor\" data-id=\"1901f4f\" data-element_type=\"widget\" data-widget_type=\"text-editor.default\">\n\t\t\t\t\t\t\t\t\t<h4 class=\"p1\">A warm and inviting space at our nursery in Marbella, accommodating up to thirteen children aged 1\u20132 years.<br \/>Here, resources and materials are arranged to meet the specific needs of this stage, always in a safe, nurturing environment where children can develop their <strong>creativity<\/strong> and <strong>autonomy<\/strong>.<\/h4>\t\t\t\t\t\t\t\t<\/div>\n\t\t\t\t\t<\/div>\n\t\t<\/div>\n\t\t\t\t<div class=\"elementor-column elementor-col-66 elementor-inner-column elementor-element elementor-element-9bd5eeb\" data-id=\"9bd5eeb\" data-element_type=\"column\">\n\t\t\t<div class=\"elementor-widget-wrap elementor-element-populated\">\n\t\t\t\t\t\t<div class=\"elementor-element elementor-element-5d9b6db elementor-widget elementor-widget-image\" data-id=\"5d9b6db\" data-element_type=\"widget\" data-widget_type=\"image.default\">\n\t\t\t\t\t\t\t\t\t\t\t\t\t\t\t<img alt=\"\" fetchpriority=\"high\" decoding=\"async\" width=\"900\" height=\"506\" src=\"https:\/\/eicoleta.es\/wp-content\/uploads\/2025\/02\/amarilla.jpg\" class=\"attachment-large size-large wp-image-20202\" srcset=\"https:\/\/eicoleta.es\/wp-content\/uploads\/2025\/02\/amarilla.jpg 900w, https:\/\/eicoleta.es\/wp-content\/uploads\/2025\/02\/amarilla-300x169.jpg 300w, https:\/\/eicoleta.es\/wp-content\/uploads\/2025\/02\/amarilla-768x432.jpg 768w\" sizes=\"(max-width: 900px) 100vw, 900px\" \/>\t\t\t\t\t\t\t\t\t\t\t\t\t\t\t<\/div>\n\t\t\t\t\t<\/div>\n\t\t<\/div>\n\t\t\t\t\t<\/div>\n\t\t<\/section>\n\t\t\t\t\t<\/div>\n\t\t<\/div>\n\t\t\t\t\t<\/div>\n\t\t<\/section>\n\t\t\t\t<section class=\"elementor-section elementor-top-section elementor-element elementor-element-96b7996 elementor-section-boxed elementor-section-height-default elementor-section-height-default\" data-id=\"96b7996\" data-element_type=\"section\" data-settings=\"{&quot;background_background&quot;:&quot;classic&quot;}\">\n\t\t\t\t\t\t<div class=\"elementor-container elementor-column-gap-custom\">\n\t\t\t\t\t<div class=\"elementor-column elementor-col-100 elementor-top-column elementor-element elementor-element-bc1f8db\" data-id=\"bc1f8db\" data-element_type=\"column\">\n\t\t\t<div class=\"elementor-widget-wrap elementor-element-populated\">\n\t\t\t\t\t\t<div class=\"elementor-element elementor-element-8d75e14 elementor-invisible elementor-widget elementor-widget-oxence-advanced-heading\" data-id=\"8d75e14\" data-element_type=\"widget\" data-settings=\"{&quot;_animation&quot;:&quot;fadeInUp&quot;}\" data-widget_type=\"oxence-advanced-heading.default\">\n\t\t\t\t<div class=\"elementor-widget-container\">\n\t\t\t\t\t        <div class=\"oxence-advanced-heading\">\n                        <h3 class=\"main-heading\"><span class=\"main-text\">Blue Classroom<\/span><\/h3>        <\/div>\n        \t\t\t\t<\/div>\n\t\t\t\t<\/div>\n\t\t\t\t<section class=\"elementor-section elementor-inner-section elementor-element elementor-element-629074a elementor-section-full_width elementor-section-height-default elementor-section-height-default\" data-id=\"629074a\" data-element_type=\"section\">\n\t\t\t\t\t\t<div class=\"elementor-container elementor-column-gap-default\">\n\t\t\t\t\t<div class=\"elementor-column elementor-col-33 elementor-inner-column elementor-element elementor-element-f4a98c3\" data-id=\"f4a98c3\" data-element_type=\"column\">\n\t\t\t<div class=\"elementor-widget-wrap elementor-element-populated\">\n\t\t\t\t\t\t<div class=\"elementor-element elementor-element-b455d93 elementor-widget elementor-widget-image\" data-id=\"b455d93\" data-element_type=\"widget\" data-widget_type=\"image.default\">\n\t\t\t\t\t\t\t\t\t\t\t\t\t\t\t<img alt=\"\" decoding=\"async\" width=\"1024\" height=\"680\" src=\"https:\/\/eicoleta.es\/wp-content\/uploads\/2025\/02\/escuela-coleta-0009-1024x680.jpg\" class=\"attachment-large size-large wp-image-20229\" srcset=\"https:\/\/eicoleta.es\/wp-content\/uploads\/2025\/02\/escuela-coleta-0009-1024x680.jpg 1024w, https:\/\/eicoleta.es\/wp-content\/uploads\/2025\/02\/escuela-coleta-0009-300x199.jpg 300w, https:\/\/eicoleta.es\/wp-content\/uploads\/2025\/02\/escuela-coleta-0009-768x510.jpg 768w, https:\/\/eicoleta.es\/wp-content\/uploads\/2025\/02\/escuela-coleta-0009.jpg 1100w\" sizes=\"(max-width: 1024px) 100vw, 1024px\" \/>\t\t\t\t\t\t\t\t\t\t\t\t\t\t\t<\/div>\n\t\t\t\t\t<\/div>\n\t\t<\/div>\n\t\t\t\t<div class=\"elementor-column elementor-col-66 elementor-inner-column elementor-element elementor-element-ccfd3fb\" data-id=\"ccfd3fb\" data-element_type=\"column\">\n\t\t\t<div class=\"elementor-widget-wrap elementor-element-populated\">\n\t\t\t\t\t\t<div class=\"elementor-element elementor-element-e2ce80e elementor-widget elementor-widget-text-editor\" data-id=\"e2ce80e\" data-element_type=\"widget\" data-widget_type=\"text-editor.default\">\n\t\t\t\t\t\t\t\t\t<h4 class=\"p1\">A dedicated room for 20 children aged 2\u20133 years in our nursery in Marbella.<br \/>Children learn to live together, embrace values, routines and rules, share with others, and enhance their communication skills. They gain knowledge and abilities that <strong>foster independent learning<\/strong>.<\/h4>\t\t\t\t\t\t\t\t<\/div>\n\t\t\t\t\t<\/div>\n\t\t<\/div>\n\t\t\t\t\t<\/div>\n\t\t<\/section>\n\t\t\t\t\t<\/div>\n\t\t<\/div>\n\t\t\t\t\t<\/div>\n\t\t<\/section>\n\t\t\t\t<section class=\"elementor-section elementor-top-section elementor-element elementor-element-c282d58 elementor-section-boxed elementor-section-height-default elementor-section-height-default\" data-id=\"c282d58\" data-element_type=\"section\" data-settings=\"{&quot;background_background&quot;:&quot;classic&quot;}\">\n\t\t\t\t\t\t<div class=\"elementor-container elementor-column-gap-custom\">\n\t\t\t\t\t<div class=\"elementor-column elementor-col-100 elementor-top-column elementor-element elementor-element-10cf780\" data-id=\"10cf780\" data-element_type=\"column\">\n\t\t\t<div class=\"elementor-widget-wrap elementor-element-populated\">\n\t\t\t\t\t\t<div class=\"elementor-element elementor-element-e727b26 elementor-invisible elementor-widget elementor-widget-oxence-advanced-heading\" data-id=\"e727b26\" data-element_type=\"widget\" data-settings=\"{&quot;_animation&quot;:&quot;fadeInUp&quot;}\" data-widget_type=\"oxence-advanced-heading.default\">\n\t\t\t\t<div class=\"elementor-widget-container\">\n\t\t\t\t\t        <div class=\"oxence-advanced-heading\">\n                        <h3 class=\"main-heading\"><span class=\"main-text\">Baby Room<\/span><\/h3>        <\/div>\n        \t\t\t\t<\/div>\n\t\t\t\t<\/div>\n\t\t\t\t<section class=\"elementor-section elementor-inner-section elementor-element elementor-element-8897cef elementor-section-full_width elementor-section-height-default elementor-section-height-default\" data-id=\"8897cef\" data-element_type=\"section\">\n\t\t\t\t\t\t<div class=\"elementor-container elementor-column-gap-default\">\n\t\t\t\t\t<div class=\"elementor-column elementor-col-33 elementor-inner-column elementor-element elementor-element-3c5e60a\" data-id=\"3c5e60a\" data-element_type=\"column\">\n\t\t\t<div class=\"elementor-widget-wrap elementor-element-populated\">\n\t\t\t\t\t\t<div class=\"elementor-element elementor-element-b3a7a00 elementor-widget elementor-widget-text-editor\" data-id=\"b3a7a00\" data-element_type=\"widget\" data-widget_type=\"text-editor.default\">\n\t\t\t\t\t\t\t\t\t<h4 class=\"p1\">An exclusive space for up to 8 babies aged 0\u20131 year, thoughtfully designed in our nursery in Marbella.<br \/>We establish essential routines\u2014feeding, sleeping, hygiene and affection\u2014and cater to every basic need with care. We engage infants through <strong>sensory activities,<\/strong>motor exercises, music sessions and <strong>early stimulation<\/strong>.<\/h4>\t\t\t\t\t\t\t\t<\/div>\n\t\t\t\t\t<\/div>\n\t\t<\/div>\n\t\t\t\t<div class=\"elementor-column elementor-col-66 elementor-inner-column elementor-element elementor-element-ec2692c\" data-id=\"ec2692c\" data-element_type=\"column\">\n\t\t\t<div class=\"elementor-widget-wrap elementor-element-populated\">\n\t\t\t\t\t\t<div class=\"elementor-element elementor-element-777c425 elementor-widget elementor-widget-image\" data-id=\"777c425\" data-element_type=\"widget\" data-widget_type=\"image.default\">\n\t\t\t\t\t\t\t\t\t\t\t\t\t\t\t<img alt=\"\" decoding=\"async\" width=\"1024\" height=\"577\" src=\"https:\/\/eicoleta.es\/wp-content\/uploads\/2025\/02\/AULA-BEBES-02-1024x577.jpg\" class=\"attachment-large size-large wp-image-20230\" srcset=\"https:\/\/eicoleta.es\/wp-content\/uploads\/2025\/02\/AULA-BEBES-02-1024x577.jpg 1024w, https:\/\/eicoleta.es\/wp-content\/uploads\/2025\/02\/AULA-BEBES-02-300x169.jpg 300w, https:\/\/eicoleta.es\/wp-content\/uploads\/2025\/02\/AULA-BEBES-02-768x433.jpg 768w, https:\/\/eicoleta.es\/wp-content\/uploads\/2025\/02\/AULA-BEBES-02.jpg 1100w\" sizes=\"(max-width: 1024px) 100vw, 1024px\" \/>\t\t\t\t\t\t\t\t\t\t\t\t\t\t\t<\/div>\n\t\t\t\t\t<\/div>\n\t\t<\/div>\n\t\t\t\t\t<\/div>\n\t\t<\/section>\n\t\t\t\t\t<\/div>\n\t\t<\/div>\n\t\t\t\t\t<\/div>\n\t\t<\/section>\n\t\t\t\t<section class=\"elementor-section elementor-top-section elementor-element elementor-element-3c44590 elementor-section-boxed elementor-section-height-default elementor-section-height-default\" data-id=\"3c44590\" data-element_type=\"section\" data-settings=\"{&quot;background_background&quot;:&quot;classic&quot;}\">\n\t\t\t\t\t\t<div class=\"elementor-container elementor-column-gap-custom\">\n\t\t\t\t\t<div class=\"elementor-column elementor-col-100 elementor-top-column elementor-element elementor-element-5a29048\" data-id=\"5a29048\" data-element_type=\"column\">\n\t\t\t<div class=\"elementor-widget-wrap elementor-element-populated\">\n\t\t\t\t\t\t<div class=\"elementor-element elementor-element-a715278 elementor-invisible elementor-widget elementor-widget-oxence-advanced-heading\" data-id=\"a715278\" data-element_type=\"widget\" data-settings=\"{&quot;_animation&quot;:&quot;fadeInUp&quot;}\" data-widget_type=\"oxence-advanced-heading.default\">\n\t\t\t\t<div class=\"elementor-widget-container\">\n\t\t\t\t\t        <div class=\"oxence-advanced-heading\">\n                        <h3 class=\"main-heading\"><span class=\"main-text\">Play Room<\/span><\/h3>        <\/div>\n        \t\t\t\t<\/div>\n\t\t\t\t<\/div>\n\t\t\t\t<section class=\"elementor-section elementor-inner-section elementor-element elementor-element-e808b22 elementor-section-full_width elementor-section-height-default elementor-section-height-default\" data-id=\"e808b22\" data-element_type=\"section\">\n\t\t\t\t\t\t<div class=\"elementor-container elementor-column-gap-default\">\n\t\t\t\t\t<div class=\"elementor-column elementor-col-33 elementor-inner-column elementor-element elementor-element-b1cc85f\" data-id=\"b1cc85f\" data-element_type=\"column\">\n\t\t\t<div class=\"elementor-widget-wrap elementor-element-populated\">\n\t\t\t\t\t\t<div class=\"elementor-element elementor-element-848b55b elementor-widget elementor-widget-image\" data-id=\"848b55b\" data-element_type=\"widget\" data-widget_type=\"image.default\">\n\t\t\t\t\t\t\t\t\t\t\t\t\t\t\t<img alt=\"\" loading=\"lazy\" decoding=\"async\" width=\"900\" height=\"597\" src=\"https:\/\/eicoleta.es\/wp-content\/uploads\/2025\/02\/azul.jpg\" class=\"attachment-large size-large wp-image-20203\" srcset=\"https:\/\/eicoleta.es\/wp-content\/uploads\/2025\/02\/azul.jpg 900w, https:\/\/eicoleta.es\/wp-content\/uploads\/2025\/02\/azul-300x199.jpg 300w, https:\/\/eicoleta.es\/wp-content\/uploads\/2025\/02\/azul-768x509.jpg 768w\" sizes=\"(max-width: 900px) 100vw, 900px\" \/>\t\t\t\t\t\t\t\t\t\t\t\t\t\t\t<\/div>\n\t\t\t\t\t<\/div>\n\t\t<\/div>\n\t\t\t\t<div class=\"elementor-column elementor-col-66 elementor-inner-column elementor-element elementor-element-121ee84\" data-id=\"121ee84\" data-element_type=\"column\">\n\t\t\t<div class=\"elementor-widget-wrap elementor-element-populated\">\n\t\t\t\t\t\t<div class=\"elementor-element elementor-element-1160690 elementor-widget elementor-widget-text-editor\" data-id=\"1160690\" data-element_type=\"widget\" data-widget_type=\"text-editor.default\">\n\t\t\t\t\t\t\t\t\t<h4 class=\"p1\">An area <strong>for holistic development<\/strong> where boys and girls strengthen their motor, cognitive and social skills through experiential, hands-on and multisensory educational activities.<br \/>Situated in our garden and indoor spaces at the nursery in Marbella, this play room encourages exploration and discovery in a secure setting.<\/h4>\t\t\t\t\t\t\t\t<\/div>\n\t\t\t\t\t<\/div>\n\t\t<\/div>\n\t\t\t\t\t<\/div>\n\t\t<\/section>\n\t\t\t\t\t<\/div>\n\t\t<\/div>\n\t\t\t\t\t<\/div>\n\t\t<\/section>\n\t\t\t\t<\/div>","protected":false},"excerpt":{"rendered":"<p>Diferentes aulas adaptadas para cada etapa de 0 a 3 a\u00f1os en Marbella Aula Amarilla Espacio muy acogedor en nuestra escuela infantil en Marbella, con capacidad m\u00e1xima para trece ni\u00f1os y ni\u00f1as de 1 a 2 a\u00f1os.Aqu\u00ed distribuimos los recursos y materiales seg\u00fan las necesidades de esta etapa de 1 a 2 a\u00f1os, siempre en [&hellip;]<\/p>","protected":false},"author":10,"featured_media":0,"parent":0,"menu_order":0,"comment_status":"closed","ping_status":"closed","template":"","meta":{"_seopress_robots_primary_cat":"","_seopress_titles_title":"Aulas 0\u20133 a\u00f1os | Escuela Infantil Coleta Marbella","_seopress_titles_desc":"Descubre nuestras aulas adaptadas (0\u20133 a\u00f1os) en Escuela Infantil Coleta, dise\u00f1adas para fomentar la autonom\u00eda, el juego y el desarrollo integral.","_seopress_robots_index":"","footnotes":""},"class_list":["post-20144","page","type-page","status-publish","hentry"],"_links":{"self":[{"href":"https:\/\/eicoleta.es\/en\/wp-json\/wp\/v2\/pages\/20144","targetHints":{"allow":["GET"]}}],"collection":[{"href":"https:\/\/eicoleta.es\/en\/wp-json\/wp\/v2\/pages"}],"about":[{"href":"https:\/\/eicoleta.es\/en\/wp-json\/wp\/v2\/types\/page"}],"author":[{"embeddable":true,"href":"https:\/\/eicoleta.es\/en\/wp-json\/wp\/v2\/users\/10"}],"replies":[{"embeddable":true,"href":"https:\/\/eicoleta.es\/en\/wp-json\/wp\/v2\/comments?post=20144"}],"version-history":[{"count":47,"href":"https:\/\/eicoleta.es\/en\/wp-json\/wp\/v2\/pages\/20144\/revisions"}],"predecessor-version":[{"id":20696,"href":"https:\/\/eicoleta.es\/en\/wp-json\/wp\/v2\/pages\/20144\/revisions\/20696"}],"wp:attachment":[{"href":"https:\/\/eicoleta.es\/en\/wp-json\/wp\/v2\/media?parent=20144"}],"curies":[{"name":"wp","href":"https:\/\/api.w.org\/{rel}","templated":true}]}}